{"id":22256,"date":"2024-02-01T15:30:05","date_gmt":"2024-02-01T15:30:05","guid":{"rendered":"https:\/\/uplit.sa\/?post_type=product&#038;p=22256"},"modified":"2024-11-22T16:49:58","modified_gmt":"2024-11-22T16:49:58","slug":"premium-snapback-with-embroidery-110","status":"publish","type":"product","link":"https:\/\/uplit.sa\/en\/product\/premium-snapback-with-embroidery-110\/","title":{"rendered":"Premium Snapback with Embroidery | 110"},"content":{"rendered":"<p>Whether it&#8217;s bad hair day or keeping the sun out of your face: This organic baseball cap is a stylish accessory. It completes any look and is a timeless classic.<\/p>\n<ul>\n<li><em>Material:<\/em>\u00a0100% cotton<\/li>\n<li><em>Processing:<\/em>\u00a05-panel<\/li>\n<li><em>Cut<\/em>: adjustable size, flat shield<\/li>\n<li><em>Extras:<\/em>\u00a0detachable Label<\/li>\n<li>Sizes: onesize<\/li>\n<\/ul>\n<p>Egal ob Bad-Hair-Day oder Sonnenschutz im Sommer:\u00a0 Diese Organic Baseball Cap is ein stylisches Accessoire &#8211; sie vollendet jeden Look.<\/p>\n<ul>\n<li><em>Material:<\/em>\u00a0100% Baumwolle<\/li>\n<li><em>Verarbeitung:<\/em>\u00a06-Panel<\/li>\n<li><em>Schnitt<\/em>: gerader Schirm, gr\u00f6\u00dfenverstellbarer Verschluss<\/li>\n<li>Gr\u00f6\u00dfen: Einheitsgr\u00f6\u00dfe<\/li>\n<\/ul>\n","protected":false},"excerpt":{"rendered":"<p>Whether it&#8217;s bad hair day or keeping the sun out of your face: This organic baseball cap is a stylish<\/p>\n","protected":false},"featured_media":22259,"template":"","meta":{"_joinchat":[]},"product_brand":[],"product_cat":[145,745],"product_tag":[733,734],"class_list":{"0":"post-22256","1":"product","2":"type-product","3":"status-publish","4":"has-post-thumbnail","6":"product_cat-apparel","7":"product_cat-caps","8":"product_tag-apparel","9":"product_tag-thoughtful-presents","11":"first","12":"instock","13":"taxable","14":"shipping-taxable","15":"product-type-variable"},"_links":{"self":[{"href":"https:\/\/uplit.sa\/en\/wp-json\/wp\/v2\/product\/22256","targetHints":{"allow":["GET"]}}],"collection":[{"href":"https:\/\/uplit.sa\/en\/wp-json\/wp\/v2\/product"}],"about":[{"href":"https:\/\/uplit.sa\/en\/wp-json\/wp\/v2\/types\/product"}],"version-history":[{"count":0,"href":"https:\/\/uplit.sa\/en\/wp-json\/wp\/v2\/product\/22256\/revisions"}],"wp:featuredmedia":[{"embeddable":true,"href":"https:\/\/uplit.sa\/en\/wp-json\/wp\/v2\/media\/22259"}],"wp:attachment":[{"href":"https:\/\/uplit.sa\/en\/wp-json\/wp\/v2\/media?parent=22256"}],"wp:term":[{"taxonomy":"product_brand","embeddable":true,"href":"https:\/\/uplit.sa\/en\/wp-json\/wp\/v2\/product_brand?post=22256"},{"taxonomy":"product_cat","embeddable":true,"href":"https:\/\/uplit.sa\/en\/wp-json\/wp\/v2\/product_cat?post=22256"},{"taxonomy":"product_tag","embeddable":true,"href":"https:\/\/uplit.sa\/en\/wp-json\/wp\/v2\/product_tag?post=22256"}],"curies":[{"name":"wp","href":"https:\/\/api.w.org\/{rel}","templated":true}]}}