{"id":22306,"date":"2024-02-01T15:52:37","date_gmt":"2024-02-01T15:52:37","guid":{"rendered":"https:\/\/uplit.sa\/?post_type=product&#038;p=22306"},"modified":"2024-11-22T16:49:55","modified_gmt":"2024-11-22T16:49:55","slug":"flexfit-curved-classic-snapback-fx7707","status":"publish","type":"product","link":"https:\/\/uplit.sa\/en\/product\/flexfit-curved-classic-snapback-fx7707\/","title":{"rendered":"FLEXFIT Curved Classic Snapback | FX7707"},"content":{"rendered":"<div class=\"tab-col-left tab-col\">\n<p>Classic Snapback Cap of the well-known manufacturer FLEXFIT<br \/>\n&#8211; Curved screen<br \/>\n&#8211; Reinforced front for high dimensional stability<br \/>\n&#8211; Snapback closure for individual size adjustment<\/p>\n<\/div>\n<div class=\"tab-col-center tab-col\">\n<p>&#8211; Klassisches Snapback Cap des namhaften Herstellers FLEXFIT<br \/>\n&#8211; Gebogener Schirm<br \/>\n&#8211; Verst\u00e4rkte Front f\u00fcr hohe Formstabilit\u00e4t<br \/>\n&#8211; Snapback-Verschluss zur individuellen Gr\u00f6\u00dfeneinstellung<\/p>\n<\/div>\n","protected":false},"excerpt":{"rendered":"<p>Classic Snapback Cap of the well-known manufacturer FLEXFIT &#8211; Curved screen &#8211; Reinforced front for high dimensional stability &#8211; Snapback<\/p>\n","protected":false},"featured_media":22314,"template":"","meta":{"_joinchat":[]},"product_brand":[],"product_cat":[145,1125],"product_tag":[733,734],"class_list":{"0":"post-22306","1":"product","2":"type-product","3":"status-publish","4":"has-post-thumbnail","6":"product_cat-apparel","7":"product_cat-ice-cap","8":"product_tag-apparel","9":"product_tag-thoughtful-presents","11":"first","12":"instock","13":"taxable","14":"shipping-taxable","15":"product-type-variable"},"_links":{"self":[{"href":"https:\/\/uplit.sa\/en\/wp-json\/wp\/v2\/product\/22306","targetHints":{"allow":["GET"]}}],"collection":[{"href":"https:\/\/uplit.sa\/en\/wp-json\/wp\/v2\/product"}],"about":[{"href":"https:\/\/uplit.sa\/en\/wp-json\/wp\/v2\/types\/product"}],"version-history":[{"count":0,"href":"https:\/\/uplit.sa\/en\/wp-json\/wp\/v2\/product\/22306\/revisions"}],"wp:featuredmedia":[{"embeddable":true,"href":"https:\/\/uplit.sa\/en\/wp-json\/wp\/v2\/media\/22314"}],"wp:attachment":[{"href":"https:\/\/uplit.sa\/en\/wp-json\/wp\/v2\/media?parent=22306"}],"wp:term":[{"taxonomy":"product_brand","embeddable":true,"href":"https:\/\/uplit.sa\/en\/wp-json\/wp\/v2\/product_brand?post=22306"},{"taxonomy":"product_cat","embeddable":true,"href":"https:\/\/uplit.sa\/en\/wp-json\/wp\/v2\/product_cat?post=22306"},{"taxonomy":"product_tag","embeddable":true,"href":"https:\/\/uplit.sa\/en\/wp-json\/wp\/v2\/product_tag?post=22306"}],"curies":[{"name":"wp","href":"https:\/\/api.w.org\/{rel}","templated":true}]}}