{"id":22879,"date":"2024-02-02T08:44:03","date_gmt":"2024-02-02T08:44:03","guid":{"rendered":"https:\/\/uplit.sa\/?post_type=product&#038;p=22879"},"modified":"2024-11-23T14:31:38","modified_gmt":"2024-11-23T14:31:38","slug":"mousepad-mspd","status":"publish","type":"product","link":"https:\/\/uplit.sa\/en\/product\/mousepad-mspd\/","title":{"rendered":"Mousepad | MSPD"},"content":{"rendered":"<div class=\"tab-col-left tab-col\">\n<p class=\"text\">Ausgestattet mit einer Polyesteroberfl\u00e4che und einem gummierten Anti-Rutsch-Boden darf das Foto-Mousepad auf keinem Schreibtisch fehlen. Der hochwertige Druck auf dem Mousepad macht es zu einem perfekten Geschenk f\u00fcr deine Liebsten, deine Kollegen, Kolleginnen oder dich selbst. Ob Weihnachten, Geburtstag oder Vatertag und Muttertag &#8211;\u00a0 Das Mousepad eignet sich sowohl f\u00fcr das B\u00fcro als auch den Arbeitsplatz in den eigenen vier W\u00e4nden optimal.<\/p>\n<h3 class=\"headline\">Mousepad bedrucken<\/h3>\n<ul class=\"text grey-checkmark\">\n<li>Angenehme Polyester-Oberfl\u00e4che<\/li>\n<li>Rutschfest durch schwarze gummierte Unterseite<\/li>\n<li>Motive in hoher Aufl\u00f6sung und brillanten Farben<\/li>\n<li>F\u00fcr alle Computerm\u00e4use geeignet<\/li>\n<li>Praktisches Foto-Geschenk f\u00fcr den Schreibtisch<\/li>\n<\/ul>\n<\/div>\n<div class=\"tab-col-center tab-col\">\n<p class=\"text\">Ausgestattet mit einer Polyesteroberfl\u00e4che und einem gummierten Anti-Rutsch-Boden darf das Foto-Mousepad auf keinem Schreibtisch fehlen. Der hochwertige Druck auf dem Mousepad macht es zu einem perfekten Geschenk f\u00fcr deine Liebsten, deine Kollegen, Kolleginnen oder dich selbst. Ob Weihnachten, Geburtstag oder Vatertag und Muttertag &#8211;\u00a0 Das Mousepad eignet sich sowohl f\u00fcr das B\u00fcro als auch den Arbeitsplatz in den eigenen vier W\u00e4nden optimal.<\/p>\n<h3 class=\"headline\">Mousepad bedrucken<\/h3>\n<ul class=\"text grey-checkmark\">\n<li>Angenehme Polyester-Oberfl\u00e4che<\/li>\n<li>Rutschfest durch schwarze gummierte Unterseite<\/li>\n<li>Motive in hoher Aufl\u00f6sung und brillanten Farben<\/li>\n<li>F\u00fcr alle Computerm\u00e4use geeignet<\/li>\n<li>Praktisches Foto-Geschenk f\u00fcr den Schreibtisch<\/li>\n<\/ul>\n<\/div>\n","protected":false},"excerpt":{"rendered":"<p>&nbsp;<\/p>\n[wpb-quote-button]\n<p>&nbsp;<\/p>\n<p>&nbsp;<\/p>\n","protected":false},"featured_media":22881,"template":"","meta":{"_joinchat":[]},"product_brand":[],"product_cat":[767],"product_tag":[733,734],"class_list":{"0":"post-22879","1":"product","2":"type-product","3":"status-publish","4":"has-post-thumbnail","6":"product_cat-technology-gifts","7":"product_tag-apparel","8":"product_tag-thoughtful-presents","10":"first","11":"instock","12":"taxable","13":"shipping-taxable","14":"product-type-variable"},"_links":{"self":[{"href":"https:\/\/uplit.sa\/en\/wp-json\/wp\/v2\/product\/22879","targetHints":{"allow":["GET"]}}],"collection":[{"href":"https:\/\/uplit.sa\/en\/wp-json\/wp\/v2\/product"}],"about":[{"href":"https:\/\/uplit.sa\/en\/wp-json\/wp\/v2\/types\/product"}],"version-history":[{"count":0,"href":"https:\/\/uplit.sa\/en\/wp-json\/wp\/v2\/product\/22879\/revisions"}],"wp:featuredmedia":[{"embeddable":true,"href":"https:\/\/uplit.sa\/en\/wp-json\/wp\/v2\/media\/22881"}],"wp:attachment":[{"href":"https:\/\/uplit.sa\/en\/wp-json\/wp\/v2\/media?parent=22879"}],"wp:term":[{"taxonomy":"product_brand","embeddable":true,"href":"https:\/\/uplit.sa\/en\/wp-json\/wp\/v2\/product_brand?post=22879"},{"taxonomy":"product_cat","embeddable":true,"href":"https:\/\/uplit.sa\/en\/wp-json\/wp\/v2\/product_cat?post=22879"},{"taxonomy":"product_tag","embeddable":true,"href":"https:\/\/uplit.sa\/en\/wp-json\/wp\/v2\/product_tag?post=22879"}],"curies":[{"name":"wp","href":"https:\/\/api.w.org\/{rel}","templated":true}]}}