{"id":23036,"date":"2024-02-02T16:12:48","date_gmt":"2024-02-02T16:12:48","guid":{"rendered":"https:\/\/uplit.sa\/?post_type=product&#038;p=23036"},"modified":"2024-11-22T16:49:14","modified_gmt":"2024-11-22T16:49:14","slug":"towel-twl","status":"publish","type":"product","link":"https:\/\/uplit.sa\/en\/product\/towel-twl\/","title":{"rendered":"Towel | TWL"},"content":{"rendered":"<div class=\"tab-col-left tab-col\">\n<p>Let your towel become an eye-catcher: This towel offers the optimal basis for the finest print quality. Design and functionality go hand in hand here.<\/p>\n<ul>\n<li>Material: 50% cotton, 50% polyester<\/li>\n<li>High quality workmanship<\/li>\n<li>Note: Washable at 30\u00cb\u009aC<\/li>\n<li>One size (70cm x 140cm)<\/li>\n<\/ul>\n<\/div>\n<div class=\"tab-col-center tab-col\">\n<p>Lass dein Handtuch zum Eye-Catcher werden: Dieses Handtuch bietet die optimale Grundlage f\u00fcr feinste Druckqualit\u00e4t. Hier gehen Design und Funktionalit\u00e4t Hand in Hand.<\/p>\n<ul>\n<li><em>Material:<\/em>\u00a050% Baumwolle, 50% Polyester<\/li>\n<li>Hochwertige Verarbeitung<\/li>\n<li><em>Hinweis:<\/em>\u00a0Waschbar bei 30\u00cb\u009aC<\/li>\n<li>Einheitsgr\u00f6\u00dfe (70cm x 140cm)<\/li>\n<\/ul>\n<\/div>\n","protected":false},"excerpt":{"rendered":"<p>Let your towel become an eye-catcher: This towel offers the optimal basis for the finest print quality. Design and functionality<\/p>\n","protected":false},"featured_media":23038,"template":"","meta":{"_joinchat":[]},"product_brand":[],"product_cat":[145],"product_tag":[733,734],"class_list":{"0":"post-23036","1":"product","2":"type-product","3":"status-publish","4":"has-post-thumbnail","6":"product_cat-apparel","7":"product_tag-apparel","8":"product_tag-thoughtful-presents","10":"first","11":"instock","12":"taxable","13":"shipping-taxable","14":"product-type-variable"},"_links":{"self":[{"href":"https:\/\/uplit.sa\/en\/wp-json\/wp\/v2\/product\/23036","targetHints":{"allow":["GET"]}}],"collection":[{"href":"https:\/\/uplit.sa\/en\/wp-json\/wp\/v2\/product"}],"about":[{"href":"https:\/\/uplit.sa\/en\/wp-json\/wp\/v2\/types\/product"}],"version-history":[{"count":0,"href":"https:\/\/uplit.sa\/en\/wp-json\/wp\/v2\/product\/23036\/revisions"}],"wp:featuredmedia":[{"embeddable":true,"href":"https:\/\/uplit.sa\/en\/wp-json\/wp\/v2\/media\/23038"}],"wp:attachment":[{"href":"https:\/\/uplit.sa\/en\/wp-json\/wp\/v2\/media?parent=23036"}],"wp:term":[{"taxonomy":"product_brand","embeddable":true,"href":"https:\/\/uplit.sa\/en\/wp-json\/wp\/v2\/product_brand?post=23036"},{"taxonomy":"product_cat","embeddable":true,"href":"https:\/\/uplit.sa\/en\/wp-json\/wp\/v2\/product_cat?post=23036"},{"taxonomy":"product_tag","embeddable":true,"href":"https:\/\/uplit.sa\/en\/wp-json\/wp\/v2\/product_tag?post=23036"}],"curies":[{"name":"wp","href":"https:\/\/api.w.org\/{rel}","templated":true}]}}