{"id":23041,"date":"2024-02-02T16:19:01","date_gmt":"2024-02-02T16:19:01","guid":{"rendered":"https:\/\/uplit.sa\/?post_type=product&#038;p=23041"},"modified":"2024-11-22T16:49:11","modified_gmt":"2024-11-22T16:49:11","slug":"fleece-blanket-cvrs","status":"publish","type":"product","link":"https:\/\/uplit.sa\/en\/product\/fleece-blanket-cvrs\/","title":{"rendered":"Fleece Blanket | CVRS"},"content":{"rendered":"<p>Our fleece blanket with unbelievably cuddly plush not only makes every living room an eye-catcher, but is also versatile. It is perfect as a decoration, in the bedroom or classically as a blanket for cold and cosy evenings on the couch. Create your own personal fleece blanket with your own motifs. Wrap yourself in your best memories or give the blanket to your loved ones. Perfect for any occasion &#8211; Christmas, Easter, Mother&#8217;s Day, Father&#8217;s Day or birthday. The cuddly blanket gives every room a very personal touch and makes every gift unique and unforgettable.<\/p>\n<p class=\"headline -has-sidelines\">\n<h4 class=\"headline -has-sidelines\">Pers\u00f6nliche photo cover with your most beautiful motive<\/h4>\n<ul>\n<li>Again soft fleece blanket<\/li>\n<li>Environmentally friendly manufacture<\/li>\n<li>Material: Polyester \/ Fleece<\/li>\n<li>At maximum 30\u00b0C wash for constant quality<\/li>\n<li>Your favourite motif to touch<\/li>\n<\/ul>\n<p class=\"headline -has-sidelines\">Unsere Fleece Decke aus kuschelweichem Fleece macht nicht nur jedes Wohnzimmer zum Hingucker, sondern ist vielseitig einsetzbar. Sie eignet sich perfekt als Deko, im Schlafzimmer oder klassisch als Decke f\u00fcr kalte und gem\u00fctliche Abende auf der Couch. Gestalte deine eigene pers\u00f6nliche Fleece-Decke mit eigenen Motiven. Wickel dich in deinen sch\u00f6nsten Erinnerungen ein, oder verschenke die Decke an deine Liebsten. Perfekt zu jedem Anlass &#8211; Egal ob Weihnachten, Ostern, Muttertag, Vatertag oder Geburtstag. Die Fleecedecke gibt jedem Raum eine ganz pers\u00f6nliche Note und macht jedes Geschenk einzigartig und unvergesslich.<\/p>\n<p class=\"headline -has-sidelines\">\n<h4 class=\"headline -has-sidelines\">Pers\u00f6nliche Fotodecke mit deinem sch\u00f6nsten Motiv<\/h4>\n<ul>\n<li>Angenehm weiche Fleecedecke<\/li>\n<li>Umweltfreundliche Herstellung<\/li>\n<li>Material: Polyester \/ Fleece<\/li>\n<li>Bei maximal 30\u00b0C waschen f\u00fcr konstante Qualit\u00e4t<\/li>\n<li>Dein Lieblingsmotiv zum Anfassen<\/li>\n<\/ul>\n","protected":false},"excerpt":{"rendered":"<p>Our fleece blanket with unbelievably cuddly plush not only makes every living room an eye-catcher, but is also versatile. It<\/p>\n","protected":false},"featured_media":23043,"template":"","meta":{"_joinchat":[]},"product_brand":[],"product_cat":[145],"product_tag":[733,734],"class_list":{"0":"post-23041","1":"product","2":"type-product","3":"status-publish","4":"has-post-thumbnail","6":"product_cat-apparel","7":"product_tag-apparel","8":"product_tag-thoughtful-presents","10":"first","11":"instock","12":"taxable","13":"shipping-taxable","14":"product-type-variable"},"_links":{"self":[{"href":"https:\/\/uplit.sa\/en\/wp-json\/wp\/v2\/product\/23041","targetHints":{"allow":["GET"]}}],"collection":[{"href":"https:\/\/uplit.sa\/en\/wp-json\/wp\/v2\/product"}],"about":[{"href":"https:\/\/uplit.sa\/en\/wp-json\/wp\/v2\/types\/product"}],"version-history":[{"count":0,"href":"https:\/\/uplit.sa\/en\/wp-json\/wp\/v2\/product\/23041\/revisions"}],"wp:featuredmedia":[{"embeddable":true,"href":"https:\/\/uplit.sa\/en\/wp-json\/wp\/v2\/media\/23043"}],"wp:attachment":[{"href":"https:\/\/uplit.sa\/en\/wp-json\/wp\/v2\/media?parent=23041"}],"wp:term":[{"taxonomy":"product_brand","embeddable":true,"href":"https:\/\/uplit.sa\/en\/wp-json\/wp\/v2\/product_brand?post=23041"},{"taxonomy":"product_cat","embeddable":true,"href":"https:\/\/uplit.sa\/en\/wp-json\/wp\/v2\/product_cat?post=23041"},{"taxonomy":"product_tag","embeddable":true,"href":"https:\/\/uplit.sa\/en\/wp-json\/wp\/v2\/product_tag?post=23041"}],"curies":[{"name":"wp","href":"https:\/\/api.w.org\/{rel}","templated":true}]}}