{"id":23045,"date":"2024-02-02T16:24:17","date_gmt":"2024-02-02T16:24:17","guid":{"rendered":"https:\/\/uplit.sa\/?post_type=product&#038;p=23045"},"modified":"2024-11-22T16:49:10","modified_gmt":"2024-11-22T16:49:10","slug":"premium-blanket-prcvrs","status":"publish","type":"product","link":"https:\/\/uplit.sa\/en\/product\/premium-blanket-prcvrs\/","title":{"rendered":"Premium Blanket | PRCVRS"},"content":{"rendered":"<p class=\"headline -has-sidelines\">Our flannel blanket with its unbelievably cuddly plush design not only makes every living room an eye-catcher, but is also versatile. It is perfect as a decoration, in the bedroom or classically as a cuddly blanket for cold and cosy evenings on the couch. Create your own personal fluffy blanket with your own motifs. Wrap yourself in your most beautiful memories or give the blanket to your loved ones. Perfect for any occasion &#8211; Christmas, Easter, Mother&#8217;s Day, Father&#8217;s Day or birthday. The cuddly blanket gives every room a very personal touch and makes every gift unique and unforgettable.<\/p>\n<p>&nbsp;<\/p>\n<h3 class=\"headline -has-sidelines\">Personal Photoblanket with your most beautiful motive<\/h3>\n<ul>\n<li>A pleasantly soft and fluffy cuddly blanket<\/li>\n<li>Environmentally friendly manufacture<\/li>\n<li>Material: Polyester \/ Flannel<\/li>\n<li>At maximum 30\u00b0C wash for constant quality<\/li>\n<li>Your favourite motif to touch<\/li>\n<\/ul>\n<p class=\"headline -has-sidelines\">Unsere Flanell Decke mit unglaublich kuscheligem Pl\u00fcsch macht nicht nur jedes Wohnzimmer zum Hingucker, sondern ist vielseitig einsetzbar. Sie eignet sich perfekt als Deko, im Schlafzimmer oder klassisch als kuschelige Decke f\u00fcr kalte und gem\u00fctliche Abende auf der Couch. Gestalte deine eigene pers\u00f6nliche Flausch-Decke mit eigenen Motiven. Wickel dich in deinen sch\u00f6nsten Erinnerungen ein, oder verschenke die Decke an deine Liebsten. Perfekt zu jedem Anlass &#8211; Egal ob Weihnachten, Ostern, Muttertag, Vatertag oder Geburtstag. Die Kuscheldecke gibt jedem Raum eine ganz pers\u00f6nliche Note und macht jedes Geschenk einzigartig und unvergesslich.<\/p>\n<p>&nbsp;<\/p>\n<h3 class=\"headline -has-sidelines\">Pers\u00f6nliche Fotodecke mit deinem sch\u00f6nsten Motiv<\/h3>\n<ul>\n<li>Angenehm weiche und flauschige Kuscheldecke<\/li>\n<li>Umweltfreundliche Herstellung<\/li>\n<li>Material: Polyester \/ Flanell<\/li>\n<li>Bei maximal 30\u00b0C waschen f\u00fcr konstante Qualit\u00e4t<\/li>\n<li>Dein Lieblingsmotiv zum Anfassen<\/li>\n<\/ul>\n","protected":false},"excerpt":{"rendered":"<p>Our flannel blanket with its unbelievably cuddly plush design not only makes every living room an eye-catcher, but is also<\/p>\n","protected":false},"featured_media":23047,"template":"","meta":{"_joinchat":[]},"product_brand":[],"product_cat":[145],"product_tag":[733,734],"class_list":{"0":"post-23045","1":"product","2":"type-product","3":"status-publish","4":"has-post-thumbnail","6":"product_cat-apparel","7":"product_tag-apparel","8":"product_tag-thoughtful-presents","10":"first","11":"instock","12":"taxable","13":"shipping-taxable","14":"product-type-variable"},"_links":{"self":[{"href":"https:\/\/uplit.sa\/en\/wp-json\/wp\/v2\/product\/23045","targetHints":{"allow":["GET"]}}],"collection":[{"href":"https:\/\/uplit.sa\/en\/wp-json\/wp\/v2\/product"}],"about":[{"href":"https:\/\/uplit.sa\/en\/wp-json\/wp\/v2\/types\/product"}],"version-history":[{"count":0,"href":"https:\/\/uplit.sa\/en\/wp-json\/wp\/v2\/product\/23045\/revisions"}],"wp:featuredmedia":[{"embeddable":true,"href":"https:\/\/uplit.sa\/en\/wp-json\/wp\/v2\/media\/23047"}],"wp:attachment":[{"href":"https:\/\/uplit.sa\/en\/wp-json\/wp\/v2\/media?parent=23045"}],"wp:term":[{"taxonomy":"product_brand","embeddable":true,"href":"https:\/\/uplit.sa\/en\/wp-json\/wp\/v2\/product_brand?post=23045"},{"taxonomy":"product_cat","embeddable":true,"href":"https:\/\/uplit.sa\/en\/wp-json\/wp\/v2\/product_cat?post=23045"},{"taxonomy":"product_tag","embeddable":true,"href":"https:\/\/uplit.sa\/en\/wp-json\/wp\/v2\/product_tag?post=23045"}],"curies":[{"name":"wp","href":"https:\/\/api.w.org\/{rel}","templated":true}]}}