{"id":23086,"date":"2024-02-02T16:36:02","date_gmt":"2024-02-02T16:36:02","guid":{"rendered":"https:\/\/uplit.sa\/?post_type=product&#038;p=23086"},"modified":"2024-04-14T22:43:51","modified_gmt":"2024-04-14T22:43:51","slug":"hochwertige-grillschurze-mit-stick-pr102","status":"publish","type":"product","link":"https:\/\/uplit.sa\/en\/product\/hochwertige-grillschurze-mit-stick-pr102\/","title":{"rendered":"Hochwertige Grillsch\u00fcrze mit Stick | PR102"},"content":{"rendered":"<div class=\"tab-col-left tab-col\">\n<p>Lange von euch gew\u00fcnscht und hei\u00df ersehnt, sind sie nun endlich da: Unsere Kochsch\u00fcrzen! Ob f\u00fcr den weltbesten B\u00e4cker, die absolute Grillmasterin, oder den Profikoch \u2013 Es sind euch keine Grenzen gesetzt!<\/p>\n<ul>\n<li><em>Material:<\/em>\u00a080% Baumwolle, 20% Polyester<\/li>\n<li><em>Grammatur:<\/em>\u00a0280 g\/m\u00b2<\/li>\n<li><em>Verarbeitung:<\/em>\u00a0Doppelte Naht + Gerippte B\u00fcndchen und Saum<\/li>\n<li><em>Form:<\/em>\u00a062 cm lang + Nackenband<\/li>\n<li>Einheitsgr\u00f6\u00dfe<\/li>\n<\/ul>\n<\/div>\n<div class=\"tab-col-center tab-col\">\n<p>Lange von euch gew\u00fcnscht und hei\u00df ersehnt, sind sie nun endlich da: Unsere Kochsch\u00fcrzen! Ob f\u00fcr den weltbesten B\u00e4cker, die absolute Grillmasterin, oder den Profikoch \u2013 Es sind euch keine Grenzen gesetzt!<\/p>\n<ul>\n<li><em>Material:<\/em>\u00a080% Baumwolle, 20% Polyester<\/li>\n<li><em>Grammatur:<\/em>\u00a0280 g\/m\u00b2<\/li>\n<li><em>Verarbeitung:<\/em>\u00a0Doppelte Naht + Gerippte B\u00fcndchen und Saum<\/li>\n<li><em>Form:<\/em>\u00a062 cm lang + Nackenband<\/li>\n<li>Einheitsgr\u00f6\u00dfe<\/li>\n<\/ul>\n<\/div>\n","protected":false},"excerpt":{"rendered":"[wpb-quote-button]\n","protected":false},"featured_media":23065,"template":"","meta":{"_joinchat":[]},"product_brand":[],"product_cat":[145,1120],"product_tag":[733,734],"class_list":{"0":"post-23086","1":"product","2":"type-product","3":"status-publish","4":"has-post-thumbnail","6":"product_cat-apparel","7":"product_cat-apron","8":"product_tag-apparel","9":"product_tag-thoughtful-presents","11":"first","12":"instock","13":"taxable","14":"shipping-taxable","15":"product-type-variable"},"_links":{"self":[{"href":"https:\/\/uplit.sa\/en\/wp-json\/wp\/v2\/product\/23086","targetHints":{"allow":["GET"]}}],"collection":[{"href":"https:\/\/uplit.sa\/en\/wp-json\/wp\/v2\/product"}],"about":[{"href":"https:\/\/uplit.sa\/en\/wp-json\/wp\/v2\/types\/product"}],"version-history":[{"count":0,"href":"https:\/\/uplit.sa\/en\/wp-json\/wp\/v2\/product\/23086\/revisions"}],"wp:featuredmedia":[{"embeddable":true,"href":"https:\/\/uplit.sa\/en\/wp-json\/wp\/v2\/media\/23065"}],"wp:attachment":[{"href":"https:\/\/uplit.sa\/en\/wp-json\/wp\/v2\/media?parent=23086"}],"wp:term":[{"taxonomy":"product_brand","embeddable":true,"href":"https:\/\/uplit.sa\/en\/wp-json\/wp\/v2\/product_brand?post=23086"},{"taxonomy":"product_cat","embeddable":true,"href":"https:\/\/uplit.sa\/en\/wp-json\/wp\/v2\/product_cat?post=23086"},{"taxonomy":"product_tag","embeddable":true,"href":"https:\/\/uplit.sa\/en\/wp-json\/wp\/v2\/product_tag?post=23086"}],"curies":[{"name":"wp","href":"https:\/\/api.w.org\/{rel}","templated":true}]}}